{"id":696,"date":"2024-11-01T09:57:44","date_gmt":"2024-11-01T09:57:44","guid":{"rendered":"https:\/\/schankservice-morbach.de\/?page_id=696"},"modified":"2025-08-13T09:22:02","modified_gmt":"2025-08-13T09:22:02","slug":"impressum-schankanlagenservice-morbach","status":"publish","type":"page","link":"https:\/\/schankservice-morbach.de\/index.php\/impressum-schankanlagenservice-morbach\/","title":{"rendered":"Impressum"},"content":{"rendered":"\t\t<div data-elementor-type=\"wp-page\" data-elementor-id=\"696\" class=\"elementor elementor-696\" data-elementor-post-type=\"page\">\n\t\t\t\t<div class=\"elementor-element elementor-element-b4ac55f e-flex e-con-boxed e-con e-parent\" data-id=\"b4ac55f\" data-element_type=\"container\" data-e-type=\"container\">\n\t\t\t\t\t<div class=\"e-con-inner\">\n\t\t\t\t<div class=\"elementor-element elementor-element-7e9b62b elementor-widget elementor-widget-heading\" data-id=\"7e9b62b\" data-element_type=\"widget\" data-e-type=\"widget\" data-widget_type=\"heading.default\">\n\t\t\t\t<div class=\"elementor-widget-container\">\n\t\t\t\t\t<h2 class=\"elementor-heading-title elementor-size-default\">Impressum<\/h2>\t\t\t\t<\/div>\n\t\t\t\t<\/div>\n\t\t\t\t<div class=\"elementor-element elementor-element-edf9b4f elementor-widget-divider--view-line elementor-widget elementor-widget-divider\" data-id=\"edf9b4f\" data-element_type=\"widget\" data-e-type=\"widget\" data-widget_type=\"divider.default\">\n\t\t\t\t<div class=\"elementor-widget-container\">\n\t\t\t\t\t\t\t<div class=\"elementor-divider\">\n\t\t\t<span class=\"elementor-divider-separator\">\n\t\t\t\t\t\t<\/span>\n\t\t<\/div>\n\t\t\t\t\t\t<\/div>\n\t\t\t\t<\/div>\n\t\t\t\t\t<\/div>\n\t\t\t\t<\/div>\n\t\t<div class=\"elementor-element elementor-element-22f8cc2 e-flex e-con-boxed e-con e-parent\" data-id=\"22f8cc2\" data-element_type=\"container\" data-e-type=\"container\">\n\t\t\t\t\t<div class=\"e-con-inner\">\n\t\t\t\t<div class=\"elementor-element elementor-element-e388f45 elementor-widget elementor-widget-text-editor\" data-id=\"e388f45\" data-element_type=\"widget\" data-e-type=\"widget\" data-widget_type=\"text-editor.default\">\n\t\t\t\t<div class=\"elementor-widget-container\">\n\t\t\t\t\t\t\t\t\t<p>Schankanlagenservice Morbach<br \/>Inh. Andreas Morbach<br \/>Nordseestra\u00dfe 46<br \/>26506 Norden<\/p><p>Telefon: +49 15256243229<br \/>E-Mail: info@schankanlagenservice-morbach.de<\/p><p>Hinweis gem\u00e4\u00df Online-Streitbeilegungs-Verordnung<\/p><p>Nach geltendem Recht sind wir verpflichtet, Verbraucher auf die Existenz der Europ\u00e4ischen Online-Streitbeilegungs-Plattform hinzuweisen, die f\u00fcr die Beilegung von Streitigkeiten genutzt werden kann, ohne dass ein Gericht eingeschaltet werden muss. F\u00fcr die Einrichtung der Plattform ist die Europ\u00e4ische Kommission zust\u00e4ndig. Die Europ\u00e4ische Online-Streitbeilegungs-Plattform ist hier zu finden: http:\/\/ec.europa.eu\/odr. Unsere E-Mail lautet: info@schankanlagenservice-morbach.de<\/p><p>Wir weisen aber darauf hin, dass wir nicht bereit sind, uns am Streitbeilegungsverfahren im Rahmen der Europ\u00e4ischen Online-Streitbeilegungs-Plattform zu beteiligen. Nutzen Sie zur Kontaktaufnahme bitte unsere obige E-Mail und Telefonnummer.<br \/>Disclaimer \u2013 rechtliche Hinweise<\/p><p>\u00a7 1 Warnhinweis zu Inhalten<br \/>Die kostenlosen und frei zug\u00e4nglichen Inhalte dieser Webseite wurden mit gr\u00f6\u00dftm\u00f6glicher Sorgfalt erstellt. Der Anbieter dieser Webseite \u00fcbernimmt jedoch keine Gew\u00e4hr f\u00fcr die Richtigkeit und Aktualit\u00e4t der bereitgestellten kostenlosen und frei zug\u00e4nglichen journalistischen Ratgeber und Nachrichten. Namentlich gekennzeichnete Beitr\u00e4ge geben die Meinung des jeweiligen Autors und nicht immer die Meinung des Anbieters wieder. Allein durch den Aufruf der kostenlosen und frei zug\u00e4nglichen Inhalte kommt keinerlei Vertragsverh\u00e4ltnis zwischen dem Nutzer und dem Anbieter zustande, insoweit fehlt es am Rechtsbindungswillen des Anbieters.<\/p><p>\u00a7 2 Externe Links<br \/>Diese Website enth\u00e4lt Verkn\u00fcpfungen zu Websites Dritter (\u201cexterne Links\u201d). Diese Websites unterliegen der Haftung der jeweiligen Betreiber. Der Anbieter hat bei der erstmaligen Verkn\u00fcpfung der externen Links die fremden Inhalte daraufhin \u00fcberpr\u00fcft, ob etwaige Rechtsverst\u00f6\u00dfe bestehen. Zu dem Zeitpunkt waren keine Rechtsverst\u00f6\u00dfe ersichtlich. Der Anbieter hat keinerlei Einfluss auf die aktuelle und zuk\u00fcnftige Gestaltung und auf die Inhalte der verkn\u00fcpften Seiten. Das Setzen von externen Links bedeutet nicht, dass sich der Anbieter die hinter dem Verweis oder Link liegenden Inhalte zu Eigen macht. Eine st\u00e4ndige Kontrolle der externen Links ist f\u00fcr den Anbieter ohne konkrete Hinweise auf Rechtsverst\u00f6\u00dfe nicht zumutbar. Bei Kenntnis von Rechtsverst\u00f6\u00dfen werden jedoch derartige externe Links unverz\u00fcglich gel\u00f6scht.<\/p><p>\u00a7 3 Urheber- und Leistungsschutzrechte<br \/>Die auf dieser Website ver\u00f6ffentlichten Inhalte unterliegen dem deutschen Urheber- und Leistungsschutzrecht. Jede vom deutschen Urheber- und Leistungsschutzrecht nicht zugelassene Verwertung bedarf der vorherigen schriftlichen Zustimmung des Anbieters oder jeweiligen Rechteinhabers. Dies gilt insbesondere f\u00fcr Vervielf\u00e4ltigung, Bearbeitung, \u00dcbersetzung, Einspeicherung, Verarbeitung bzw. Wiedergabe von Inhalten in Datenbanken oder anderen elektronischen Medien und Systemen. Inhalte und Rechte Dritter sind dabei als solche gekennzeichnet. Die unerlaubte Vervielf\u00e4ltigung oder Weitergabe einzelner Inhalte oder kompletter Seiten ist nicht gestattet und strafbar. Lediglich die Herstellung von Kopien und Downloads f\u00fcr den pers\u00f6nlichen, privaten und nicht kommerziellen Gebrauch ist erlaubt.<\/p><p>Die Darstellung dieser Website in fremden Frames ist nur mit schriftlicher Erlaubnis zul\u00e4ssig.<\/p><p>\u00a7 4 Besondere Nutzungsbedingungen<br \/>Soweit besondere Bedingungen f\u00fcr einzelne Nutzungen dieser Website von den vorgenannten Paragraphen abweichen, wird an entsprechender Stelle ausdr\u00fccklich darauf hingewiesen. In diesem Falle gelten im jeweiligen Einzelfall die besonderen Nutzungsbedingungen.<\/p><p>Quelle: Impressum Generator von JuraForum.de<\/p>\t\t\t\t\t\t\t\t<\/div>\n\t\t\t\t<\/div>\n\t\t\t\t<div class=\"elementor-element elementor-element-115d54f elementor-widget-divider--view-line elementor-widget elementor-widget-divider\" data-id=\"115d54f\" data-element_type=\"widget\" data-e-type=\"widget\" data-widget_type=\"divider.default\">\n\t\t\t\t<div class=\"elementor-widget-container\">\n\t\t\t\t\t\t\t<div class=\"elementor-divider\">\n\t\t\t<span class=\"elementor-divider-separator\">\n\t\t\t\t\t\t<\/span>\n\t\t<\/div>\n\t\t\t\t\t\t<\/div>\n\t\t\t\t<\/div>\n\t\t\t\t\t<\/div>\n\t\t\t\t<\/div>\n\t\t\t\t<\/div>\n\t\t","protected":false},"excerpt":{"rendered":"<p>Impressum Schankanlagenservice MorbachInh. Andreas MorbachNordseestra\u00dfe 4626506 Norden Telefon: +49 15256243229E-Mail: info@schankanlagenservice-morbach.de Hinweis gem\u00e4\u00df Online-Streitbeilegungs-Verordnung Nach geltendem Recht sind wir verpflichtet, [&hellip;]<\/p>\n","protected":false},"author":1,"featured_media":1091,"parent":0,"menu_order":0,"comment_status":"closed","ping_status":"closed","template":"","meta":{"site-sidebar-layout":"no-sidebar","site-content-layout":"","ast-site-content-layout":"full-width-container","site-content-style":"default","site-sidebar-style":"default","ast-global-header-display":"","ast-banner-title-visibility":"","ast-main-header-display":"","ast-hfb-above-header-display":"","ast-hfb-below-header-display":"","ast-hfb-mobile-header-display":"","site-post-title":"disabled","ast-breadcrumbs-content":"","ast-featured-img":"disabled","footer-sml-layout":"","theme-transparent-header-meta":"","adv-header-id-meta":"","stick-header-meta":"","header-above-stick-meta":"","header-main-stick-meta":"","header-below-stick-meta":"","astra-migrate-meta-layouts":"default","ast-page-background-enabled":"default","ast-page-background-meta":{"desktop":{"background-color":"var(--ast-global-color-4)","background-image":"","background-repeat":"repeat","background-position":"center center","background-size":"auto","background-attachment":"scroll","background-type":"","background-media":"","overlay-type":"","overlay-color":"","overlay-opacity":"","overlay-gradient":""},"tablet":{"background-color":"","background-image":"","background-repeat":"repeat","background-position":"center center","background-size":"auto","background-attachment":"scroll","background-type":"","background-media":"","overlay-type":"","overlay-color":"","overlay-opacity":"","overlay-gradient":""},"mobile":{"background-color":"","background-image":"","background-repeat":"repeat","background-position":"center center","background-size":"auto","background-attachment":"scroll","background-type":"","background-media":"","overlay-type":"","overlay-color":"","overlay-opacity":"","overlay-gradient":""}},"ast-content-background-meta":{"desktop":{"background-color":"var(--ast-global-color-5)","background-image":"","background-repeat":"repeat","background-position":"center center","background-size":"auto","background-attachment":"scroll","background-type":"","background-media":"","overlay-type":"","overlay-color":"","overlay-opacity":"","overlay-gradient":""},"tablet":{"background-color":"var(--ast-global-color-5)","background-image":"","background-repeat":"repeat","background-position":"center center","background-size":"auto","background-attachment":"scroll","background-type":"","background-media":"","overlay-type":"","overlay-color":"","overlay-opacity":"","overlay-gradient":""},"mobile":{"background-color":"var(--ast-global-color-5)","background-image":"","background-repeat":"repeat","background-position":"center center","background-size":"auto","background-attachment":"scroll","background-type":"","background-media":"","overlay-type":"","overlay-color":"","overlay-opacity":"","overlay-gradient":""}},"footnotes":""},"class_list":["post-696","page","type-page","status-publish","has-post-thumbnail","hentry"],"yoast_head":"<!-- This site is optimized with the Yoast SEO plugin v27.4 - https:\/\/yoast.com\/product\/yoast-seo-wordpress\/ -->\n<title>Impressum | Kontakt &amp; Rechtliche Hinweise<\/title>\n<meta name=\"description\" content=\"Das Impressum enth\u00e4lt die Kontaktdaten von Schankanlagenservice Morbach, rechtliche Hinweise, Haftungsausschl\u00fcsse und Urheberrechtshinweise.\" \/>\n<meta name=\"robots\" content=\"index, follow, max-snippet:-1, max-image-preview:large, max-video-preview:-1\" \/>\n<link rel=\"canonical\" href=\"https:\/\/schankservice-morbach.de\/index.php\/impressum-schankanlagenservice-morbach\/\" \/>\n<meta property=\"og:locale\" content=\"de_DE\" \/>\n<meta property=\"og:type\" content=\"article\" \/>\n<meta property=\"og:title\" content=\"Impressum | Kontakt &amp; Rechtliche Hinweise\" \/>\n<meta property=\"og:description\" content=\"Das Impressum enth\u00e4lt die Kontaktdaten von Schankanlagenservice Morbach, rechtliche Hinweise, Haftungsausschl\u00fcsse und Urheberrechtshinweise.\" \/>\n<meta property=\"og:url\" content=\"https:\/\/schankservice-morbach.de\/index.php\/impressum-schankanlagenservice-morbach\/\" \/>\n<meta property=\"og:site_name\" content=\"Schankservice Morbach\" \/>\n<meta property=\"article:publisher\" content=\"https:\/\/www.facebook.com\/Schankanlagenservice.Andreas.Morbach\/\" \/>\n<meta property=\"article:modified_time\" content=\"2025-08-13T09:22:02+00:00\" \/>\n<meta property=\"og:image\" content=\"https:\/\/schankservice-morbach.de\/wp-content\/uploads\/2024\/11\/cropped-Logo_4c-2.png\" \/>\n\t<meta property=\"og:image:width\" content=\"512\" \/>\n\t<meta property=\"og:image:height\" content=\"512\" \/>\n\t<meta property=\"og:image:type\" content=\"image\/png\" \/>\n<meta name=\"twitter:card\" content=\"summary_large_image\" \/>\n<meta name=\"twitter:label1\" content=\"Gesch\u00e4tzte Lesezeit\" \/>\n\t<meta name=\"twitter:data1\" content=\"3\u00a0Minuten\" \/>\n<script type=\"application\/ld+json\" class=\"yoast-schema-graph\">{\"@context\":\"https:\\\/\\\/schema.org\",\"@graph\":[{\"@type\":\"WebPage\",\"@id\":\"https:\\\/\\\/schankservice-morbach.de\\\/index.php\\\/impressum-schankanlagenservice-morbach\\\/\",\"url\":\"https:\\\/\\\/schankservice-morbach.de\\\/index.php\\\/impressum-schankanlagenservice-morbach\\\/\",\"name\":\"Impressum | Kontakt & Rechtliche Hinweise\",\"isPartOf\":{\"@id\":\"https:\\\/\\\/schankservice-morbach.de\\\/#website\"},\"primaryImageOfPage\":{\"@id\":\"https:\\\/\\\/schankservice-morbach.de\\\/index.php\\\/impressum-schankanlagenservice-morbach\\\/#primaryimage\"},\"image\":{\"@id\":\"https:\\\/\\\/schankservice-morbach.de\\\/index.php\\\/impressum-schankanlagenservice-morbach\\\/#primaryimage\"},\"thumbnailUrl\":\"https:\\\/\\\/schankservice-morbach.de\\\/wp-content\\\/uploads\\\/2024\\\/11\\\/cropped-Logo_4c-2.png\",\"datePublished\":\"2024-11-01T09:57:44+00:00\",\"dateModified\":\"2025-08-13T09:22:02+00:00\",\"description\":\"Das Impressum enth\u00e4lt die Kontaktdaten von Schankanlagenservice Morbach, rechtliche Hinweise, Haftungsausschl\u00fcsse und Urheberrechtshinweise.\",\"breadcrumb\":{\"@id\":\"https:\\\/\\\/schankservice-morbach.de\\\/index.php\\\/impressum-schankanlagenservice-morbach\\\/#breadcrumb\"},\"inLanguage\":\"de\",\"potentialAction\":[{\"@type\":\"ReadAction\",\"target\":[\"https:\\\/\\\/schankservice-morbach.de\\\/index.php\\\/impressum-schankanlagenservice-morbach\\\/\"]}]},{\"@type\":\"ImageObject\",\"inLanguage\":\"de\",\"@id\":\"https:\\\/\\\/schankservice-morbach.de\\\/index.php\\\/impressum-schankanlagenservice-morbach\\\/#primaryimage\",\"url\":\"https:\\\/\\\/schankservice-morbach.de\\\/wp-content\\\/uploads\\\/2024\\\/11\\\/cropped-Logo_4c-2.png\",\"contentUrl\":\"https:\\\/\\\/schankservice-morbach.de\\\/wp-content\\\/uploads\\\/2024\\\/11\\\/cropped-Logo_4c-2.png\",\"width\":512,\"height\":512,\"caption\":\"Schankanlagenservice Norden\"},{\"@type\":\"BreadcrumbList\",\"@id\":\"https:\\\/\\\/schankservice-morbach.de\\\/index.php\\\/impressum-schankanlagenservice-morbach\\\/#breadcrumb\",\"itemListElement\":[{\"@type\":\"ListItem\",\"position\":1,\"name\":\"Startseite\",\"item\":\"https:\\\/\\\/schankservice-morbach.de\\\/\"},{\"@type\":\"ListItem\",\"position\":2,\"name\":\"Impressum\"}]},{\"@type\":\"WebSite\",\"@id\":\"https:\\\/\\\/schankservice-morbach.de\\\/#website\",\"url\":\"https:\\\/\\\/schankservice-morbach.de\\\/\",\"name\":\"Schankanlagenservice Morbach\",\"description\":\"Mit uns zum ungetr\u00fcbten Genuss!\",\"publisher\":{\"@id\":\"https:\\\/\\\/schankservice-morbach.de\\\/#organization\"},\"alternateName\":\"Schankservice Morbach\",\"potentialAction\":[{\"@type\":\"SearchAction\",\"target\":{\"@type\":\"EntryPoint\",\"urlTemplate\":\"https:\\\/\\\/schankservice-morbach.de\\\/?s={search_term_string}\"},\"query-input\":{\"@type\":\"PropertyValueSpecification\",\"valueRequired\":true,\"valueName\":\"search_term_string\"}}],\"inLanguage\":\"de\"},{\"@type\":\"Organization\",\"@id\":\"https:\\\/\\\/schankservice-morbach.de\\\/#organization\",\"name\":\"Schankanalgenservice Morbach\",\"alternateName\":\"Schankservice Morbach\",\"url\":\"https:\\\/\\\/schankservice-morbach.de\\\/\",\"logo\":{\"@type\":\"ImageObject\",\"inLanguage\":\"de\",\"@id\":\"https:\\\/\\\/schankservice-morbach.de\\\/#\\\/schema\\\/logo\\\/image\\\/\",\"url\":\"https:\\\/\\\/schankservice-morbach.de\\\/wp-content\\\/uploads\\\/2024\\\/11\\\/Logo_4c-1.png\",\"contentUrl\":\"https:\\\/\\\/schankservice-morbach.de\\\/wp-content\\\/uploads\\\/2024\\\/11\\\/Logo_4c-1.png\",\"width\":700,\"height\":220,\"caption\":\"Schankanalgenservice Morbach\"},\"image\":{\"@id\":\"https:\\\/\\\/schankservice-morbach.de\\\/#\\\/schema\\\/logo\\\/image\\\/\"},\"sameAs\":[\"https:\\\/\\\/www.facebook.com\\\/Schankanlagenservice.Andreas.Morbach\\\/\"]}]}<\/script>\n<!-- \/ Yoast SEO plugin. -->","yoast_head_json":{"title":"Impressum | Kontakt & Rechtliche Hinweise","description":"Das Impressum enth\u00e4lt die Kontaktdaten von Schankanlagenservice Morbach, rechtliche Hinweise, Haftungsausschl\u00fcsse und Urheberrechtshinweise.","robots":{"index":"index","follow":"follow","max-snippet":"max-snippet:-1","max-image-preview":"max-image-preview:large","max-video-preview":"max-video-preview:-1"},"canonical":"https:\/\/schankservice-morbach.de\/index.php\/impressum-schankanlagenservice-morbach\/","og_locale":"de_DE","og_type":"article","og_title":"Impressum | Kontakt & Rechtliche Hinweise","og_description":"Das Impressum enth\u00e4lt die Kontaktdaten von Schankanlagenservice Morbach, rechtliche Hinweise, Haftungsausschl\u00fcsse und Urheberrechtshinweise.","og_url":"https:\/\/schankservice-morbach.de\/index.php\/impressum-schankanlagenservice-morbach\/","og_site_name":"Schankservice Morbach","article_publisher":"https:\/\/www.facebook.com\/Schankanlagenservice.Andreas.Morbach\/","article_modified_time":"2025-08-13T09:22:02+00:00","og_image":[{"width":512,"height":512,"url":"https:\/\/schankservice-morbach.de\/wp-content\/uploads\/2024\/11\/cropped-Logo_4c-2.png","type":"image\/png"}],"twitter_card":"summary_large_image","twitter_misc":{"Gesch\u00e4tzte Lesezeit":"3\u00a0Minuten"},"schema":{"@context":"https:\/\/schema.org","@graph":[{"@type":"WebPage","@id":"https:\/\/schankservice-morbach.de\/index.php\/impressum-schankanlagenservice-morbach\/","url":"https:\/\/schankservice-morbach.de\/index.php\/impressum-schankanlagenservice-morbach\/","name":"Impressum | Kontakt & Rechtliche Hinweise","isPartOf":{"@id":"https:\/\/schankservice-morbach.de\/#website"},"primaryImageOfPage":{"@id":"https:\/\/schankservice-morbach.de\/index.php\/impressum-schankanlagenservice-morbach\/#primaryimage"},"image":{"@id":"https:\/\/schankservice-morbach.de\/index.php\/impressum-schankanlagenservice-morbach\/#primaryimage"},"thumbnailUrl":"https:\/\/schankservice-morbach.de\/wp-content\/uploads\/2024\/11\/cropped-Logo_4c-2.png","datePublished":"2024-11-01T09:57:44+00:00","dateModified":"2025-08-13T09:22:02+00:00","description":"Das Impressum enth\u00e4lt die Kontaktdaten von Schankanlagenservice Morbach, rechtliche Hinweise, Haftungsausschl\u00fcsse und Urheberrechtshinweise.","breadcrumb":{"@id":"https:\/\/schankservice-morbach.de\/index.php\/impressum-schankanlagenservice-morbach\/#breadcrumb"},"inLanguage":"de","potentialAction":[{"@type":"ReadAction","target":["https:\/\/schankservice-morbach.de\/index.php\/impressum-schankanlagenservice-morbach\/"]}]},{"@type":"ImageObject","inLanguage":"de","@id":"https:\/\/schankservice-morbach.de\/index.php\/impressum-schankanlagenservice-morbach\/#primaryimage","url":"https:\/\/schankservice-morbach.de\/wp-content\/uploads\/2024\/11\/cropped-Logo_4c-2.png","contentUrl":"https:\/\/schankservice-morbach.de\/wp-content\/uploads\/2024\/11\/cropped-Logo_4c-2.png","width":512,"height":512,"caption":"Schankanlagenservice Norden"},{"@type":"BreadcrumbList","@id":"https:\/\/schankservice-morbach.de\/index.php\/impressum-schankanlagenservice-morbach\/#breadcrumb","itemListElement":[{"@type":"ListItem","position":1,"name":"Startseite","item":"https:\/\/schankservice-morbach.de\/"},{"@type":"ListItem","position":2,"name":"Impressum"}]},{"@type":"WebSite","@id":"https:\/\/schankservice-morbach.de\/#website","url":"https:\/\/schankservice-morbach.de\/","name":"Schankanlagenservice Morbach","description":"Mit uns zum ungetr\u00fcbten Genuss!","publisher":{"@id":"https:\/\/schankservice-morbach.de\/#organization"},"alternateName":"Schankservice Morbach","potentialAction":[{"@type":"SearchAction","target":{"@type":"EntryPoint","urlTemplate":"https:\/\/schankservice-morbach.de\/?s={search_term_string}"},"query-input":{"@type":"PropertyValueSpecification","valueRequired":true,"valueName":"search_term_string"}}],"inLanguage":"de"},{"@type":"Organization","@id":"https:\/\/schankservice-morbach.de\/#organization","name":"Schankanalgenservice Morbach","alternateName":"Schankservice Morbach","url":"https:\/\/schankservice-morbach.de\/","logo":{"@type":"ImageObject","inLanguage":"de","@id":"https:\/\/schankservice-morbach.de\/#\/schema\/logo\/image\/","url":"https:\/\/schankservice-morbach.de\/wp-content\/uploads\/2024\/11\/Logo_4c-1.png","contentUrl":"https:\/\/schankservice-morbach.de\/wp-content\/uploads\/2024\/11\/Logo_4c-1.png","width":700,"height":220,"caption":"Schankanalgenservice Morbach"},"image":{"@id":"https:\/\/schankservice-morbach.de\/#\/schema\/logo\/image\/"},"sameAs":["https:\/\/www.facebook.com\/Schankanlagenservice.Andreas.Morbach\/"]}]}},"_links":{"self":[{"href":"https:\/\/schankservice-morbach.de\/index.php\/wp-json\/wp\/v2\/pages\/696","targetHints":{"allow":["GET"]}}],"collection":[{"href":"https:\/\/schankservice-morbach.de\/index.php\/wp-json\/wp\/v2\/pages"}],"about":[{"href":"https:\/\/schankservice-morbach.de\/index.php\/wp-json\/wp\/v2\/types\/page"}],"author":[{"embeddable":true,"href":"https:\/\/schankservice-morbach.de\/index.php\/wp-json\/wp\/v2\/users\/1"}],"replies":[{"embeddable":true,"href":"https:\/\/schankservice-morbach.de\/index.php\/wp-json\/wp\/v2\/comments?post=696"}],"version-history":[{"count":23,"href":"https:\/\/schankservice-morbach.de\/index.php\/wp-json\/wp\/v2\/pages\/696\/revisions"}],"predecessor-version":[{"id":1480,"href":"https:\/\/schankservice-morbach.de\/index.php\/wp-json\/wp\/v2\/pages\/696\/revisions\/1480"}],"wp:featuredmedia":[{"embeddable":true,"href":"https:\/\/schankservice-morbach.de\/index.php\/wp-json\/wp\/v2\/media\/1091"}],"wp:attachment":[{"href":"https:\/\/schankservice-morbach.de\/index.php\/wp-json\/wp\/v2\/media?parent=696"}],"curies":[{"name":"wp","href":"https:\/\/api.w.org\/{rel}","templated":true}]}}