{"id":702,"date":"2024-11-01T10:02:15","date_gmt":"2024-11-01T10:02:15","guid":{"rendered":"https:\/\/schankservice-morbach.de\/?page_id=702"},"modified":"2024-12-11T11:24:35","modified_gmt":"2024-12-11T11:24:35","slug":"schankanlagen-reinigung-bestes-qualitaet","status":"publish","type":"page","link":"https:\/\/schankservice-morbach.de\/index.php\/schankanlagen-reinigung-bestes-qualitaet\/","title":{"rendered":"Informationen zur Reinigung"},"content":{"rendered":"\t\t<div data-elementor-type=\"wp-page\" data-elementor-id=\"702\" class=\"elementor elementor-702\" data-elementor-post-type=\"page\">\n\t\t\t\t<div class=\"elementor-element elementor-element-a0d35eb e-flex e-con-boxed e-con e-parent\" data-id=\"a0d35eb\" data-element_type=\"container\" data-e-type=\"container\">\n\t\t\t\t\t<div class=\"e-con-inner\">\n\t\t\t\t<div class=\"elementor-element elementor-element-4448610 elementor-widget elementor-widget-heading\" data-id=\"4448610\" data-element_type=\"widget\" data-e-type=\"widget\" data-widget_type=\"heading.default\">\n\t\t\t\t<div class=\"elementor-widget-container\">\n\t\t\t\t\t<h2 class=\"elementor-heading-title elementor-size-default\">\nReinigung der Getr\u00e4nkeschankanlage<\/h2>\t\t\t\t<\/div>\n\t\t\t\t<\/div>\n\t\t\t\t<div class=\"elementor-element elementor-element-976fd20 elementor-widget-divider--view-line elementor-widget elementor-widget-divider\" data-id=\"976fd20\" data-element_type=\"widget\" data-e-type=\"widget\" data-widget_type=\"divider.default\">\n\t\t\t\t<div class=\"elementor-widget-container\">\n\t\t\t\t\t\t\t<div class=\"elementor-divider\">\n\t\t\t<span class=\"elementor-divider-separator\">\n\t\t\t\t\t\t<\/span>\n\t\t<\/div>\n\t\t\t\t\t\t<\/div>\n\t\t\t\t<\/div>\n\t\t\t\t\t<\/div>\n\t\t\t\t<\/div>\n\t\t<div class=\"elementor-element elementor-element-3c3eed2 e-flex e-con-boxed e-con e-parent\" data-id=\"3c3eed2\" data-element_type=\"container\" data-e-type=\"container\">\n\t\t\t\t\t<div class=\"e-con-inner\">\n\t\t<div class=\"elementor-element elementor-element-f8c7c09 e-con-full e-flex e-con e-child\" data-id=\"f8c7c09\" data-element_type=\"container\" data-e-type=\"container\">\n\t\t\t\t<div class=\"elementor-element elementor-element-daf758d elementor-widget elementor-widget-text-editor\" data-id=\"daf758d\" data-element_type=\"widget\" data-e-type=\"widget\" data-widget_type=\"text-editor.default\">\n\t\t\t\t<div class=\"elementor-widget-container\">\n\t\t\t\t\t\t\t\t\t<p>Getr\u00e4nkeschankanlagen sind offene Systeme, die anf\u00e4llig f\u00fcr Verschmutzungen sind. Mikroorganismen, Schmutz und unerw\u00fcnschte Ger\u00fcche k\u00f6nnen die Qualit\u00e4t der Getr\u00e4nke beeintr\u00e4chtigen. Um die Gesundheit Ihrer G\u00e4ste und Mitarbeiter zu sch\u00fctzen und eine erstklassige Getr\u00e4nkequalit\u00e4t zu gew\u00e4hrleisten, ist eine regelm\u00e4\u00dfige Reinigung und Desinfektion unerl\u00e4sslich.<\/p><p><span style=\"text-decoration: underline;\"><strong>Reinigungsintervalle<\/strong><\/span><\/p><p>Die H\u00e4ufigkeit der Reinigung h\u00e4ngt von verschiedenen Faktoren ab, darunter:<\/p><p>&#8211; Art der ausgeschenkten Getr\u00e4nke (verschiedene Getr\u00e4nke haben unterschiedliche Anf\u00e4lligkeiten)<br \/>&#8211; Ver\u00e4nderungen in der Getr\u00e4nkesorte<br \/>&#8211; Verschmutzungen an der Anlage oder den Bauteilen<br \/>&#8211; Hohe Umgebungstemperaturen<br \/>&#8211; L\u00e4ngere Schankpausen<\/p><p>Ein besonderes Augenmerk auf die Reinigung sollte gelegt werden, wenn:<\/p><p>&#8211; Ablagerungen sichtbar sind<br \/>&#8211; Untypische Ger\u00fcche wahrgenommen werden (z. B. Essiggeruch an Zapfarmaturen oder Milchs\u00e4uregeruch an Leitungsanschl\u00fcssen)<br \/>&#8211; Geschmackliche Abweichungen oder Tr\u00fcbungen der Getr\u00e4nke festgestellt werden<br \/>&#8211; Anzeichen von Schimmelbefall auftreten<\/p>\t\t\t\t\t\t\t\t<\/div>\n\t\t\t\t<\/div>\n\t\t\t\t<\/div>\n\t\t<div class=\"elementor-element elementor-element-8d1305c e-con-full e-flex e-con e-child\" data-id=\"8d1305c\" data-element_type=\"container\" data-e-type=\"container\">\n\t\t\t\t<div class=\"elementor-element elementor-element-65df922 elementor-widget elementor-widget-text-editor\" data-id=\"65df922\" data-element_type=\"widget\" data-e-type=\"widget\" data-widget_type=\"text-editor.default\">\n\t\t\t\t<div class=\"elementor-widget-container\">\n\t\t\t\t\t\t\t\t\t<p><strong>Orientierungswerte gem\u00e4\u00df DIN-Norm 6650-6<\/strong><\/p><p>Die DIN-Norm 6650-6 \u201eGetr\u00e4nkeschankanlage \u2013 Teil 6 \u2013 Anforderungen an die Reinigung und Desinfektion\u201c bietet folgende Empfehlungen f\u00fcr Reinigungsintervalle:<\/p><p>&#8211; <strong>T\u00e4glich<\/strong>: Fruchts\u00e4fte und Fruchtnektare<br \/>&#8211; <strong>1 bis 7 Tage<\/strong>: Stilles Wasser, alkoholfreies Bier<br \/>&#8211; <strong>Alle 7 Tage:<\/strong> Bier<br \/>&#8211; <strong>Alle 7 bis 14 Tage:<\/strong> Kohlens\u00e4urehaltiges Wasser, andere alkoholfreie Getr\u00e4nke, Wein<\/p><p>Zus\u00e4tzlich empfehlen die technischen Regeln f\u00fcr Getr\u00e4nkeschankanlagen (TRSK 501):<\/p><p>&#8211; <strong>Vor der ersten Inbetriebnahme:<\/strong> Reinigung der Getr\u00e4nke- und Grundstoffleitungen<br \/>&#8211; <strong>Mindestens alle zwei Wochen:<\/strong> Reinigung der Getr\u00e4nkeleitungen und Zapfarmaturen (idealerweise w\u00f6chentlich)<br \/>&#8211; <strong>Bei Wechsel der Getr\u00e4nkeart oder nach mehr als einer Woche Betriebsunterbrechung:<\/strong> Reinigung der Getr\u00e4nkeleitungen<br \/>&#8211; <strong>T\u00e4glich:<\/strong> Reinigung der Teile der Zapfarmatur, die abwechselnd mit Luft und Getr\u00e4nk in Kontakt kommen<br \/>&#8211; <strong>J\u00e4hrlich:<\/strong> Reinigung der beweglichen Teile der Hinterdruckgasleitung<br \/>&#8211; <strong>Vor jedem Anschluss und nach Entnahme aus dem Beh\u00e4lter:<\/strong> Reinigung der Leitungsanschlussteile<\/p><p><strong>Reinigungsmittel und Dokumentation<\/strong><\/p><p>F\u00fcr die Reinigung d\u00fcrfen nur solche Reinigungsmittel verwendet werden, die vom Hersteller als entsprechend den allgemein anerkannten Regeln und dem Stand der Technik zertifiziert sind.<\/p><p>Die Reinigung ist im Betriebsbuch zu dokumentieren und von der Person, die die Reinigung durchgef\u00fchrt hat, zu best\u00e4tigen.<\/p>\t\t\t\t\t\t\t\t<\/div>\n\t\t\t\t<\/div>\n\t\t\t\t<\/div>\n\t\t\t\t\t<\/div>\n\t\t\t\t<\/div>\n\t\t<div class=\"elementor-element elementor-element-6f87ab5 e-flex e-con-boxed e-con e-parent\" data-id=\"6f87ab5\" data-element_type=\"container\" data-e-type=\"container\">\n\t\t\t\t\t<div class=\"e-con-inner\">\n\t\t\t\t<div class=\"elementor-element elementor-element-ea192e6 elementor-widget-divider--view-line elementor-widget elementor-widget-divider\" data-id=\"ea192e6\" data-element_type=\"widget\" data-e-type=\"widget\" data-widget_type=\"divider.default\">\n\t\t\t\t<div class=\"elementor-widget-container\">\n\t\t\t\t\t\t\t<div class=\"elementor-divider\">\n\t\t\t<span class=\"elementor-divider-separator\">\n\t\t\t\t\t\t<\/span>\n\t\t<\/div>\n\t\t\t\t\t\t<\/div>\n\t\t\t\t<\/div>\n\t\t\t\t\t<\/div>\n\t\t\t\t<\/div>\n\t\t\t\t<\/div>\n\t\t","protected":false},"excerpt":{"rendered":"<p>Reinigung der Getr\u00e4nkeschankanlage Getr\u00e4nkeschankanlagen sind offene Systeme, die anf\u00e4llig f\u00fcr Verschmutzungen sind. Mikroorganismen, Schmutz und unerw\u00fcnschte Ger\u00fcche k\u00f6nnen die Qualit\u00e4t [&hellip;]<\/p>\n","protected":false},"author":1,"featured_media":1091,"parent":0,"menu_order":0,"comment_status":"closed","ping_status":"closed","template":"","meta":{"site-sidebar-layout":"no-sidebar","site-content-layout":"","ast-site-content-layout":"full-width-container","site-content-style":"default","site-sidebar-style":"default","ast-global-header-display":"","ast-banner-title-visibility":"","ast-main-header-display":"","ast-hfb-above-header-display":"","ast-hfb-below-header-display":"","ast-hfb-mobile-header-display":"","site-post-title":"disabled","ast-breadcrumbs-content":"","ast-featured-img":"disabled","footer-sml-layout":"","theme-transparent-header-meta":"","adv-header-id-meta":"","stick-header-meta":"","header-above-stick-meta":"","header-main-stick-meta":"","header-below-stick-meta":"","astra-migrate-meta-layouts":"default","ast-page-background-enabled":"default","ast-page-background-meta":{"desktop":{"background-color":"var(--ast-global-color-4)","background-image":"","background-repeat":"repeat","background-position":"center center","background-size":"auto","background-attachment":"scroll","background-type":"","background-media":"","overlay-type":"","overlay-color":"","overlay-opacity":"","overlay-gradient":""},"tablet":{"background-color":"","background-image":"","background-repeat":"repeat","background-position":"center center","background-size":"auto","background-attachment":"scroll","background-type":"","background-media":"","overlay-type":"","overlay-color":"","overlay-opacity":"","overlay-gradient":""},"mobile":{"background-color":"","background-image":"","background-repeat":"repeat","background-position":"center center","background-size":"auto","background-attachment":"scroll","background-type":"","background-media":"","overlay-type":"","overlay-color":"","overlay-opacity":"","overlay-gradient":""}},"ast-content-background-meta":{"desktop":{"background-color":"var(--ast-global-color-5)","background-image":"","background-repeat":"repeat","background-position":"center center","background-size":"auto","background-attachment":"scroll","background-type":"","background-media":"","overlay-type":"","overlay-color":"","overlay-opacity":"","overlay-gradient":""},"tablet":{"background-color":"var(--ast-global-color-5)","background-image":"","background-repeat":"repeat","background-position":"center center","background-size":"auto","background-attachment":"scroll","background-type":"","background-media":"","overlay-type":"","overlay-color":"","overlay-opacity":"","overlay-gradient":""},"mobile":{"background-color":"var(--ast-global-color-5)","background-image":"","background-repeat":"repeat","background-position":"center center","background-size":"auto","background-attachment":"scroll","background-type":"","background-media":"","overlay-type":"","overlay-color":"","overlay-opacity":"","overlay-gradient":""}},"footnotes":""},"class_list":["post-702","page","type-page","status-publish","has-post-thumbnail","hentry"],"yoast_head":"<!-- This site is optimized with the Yoast SEO plugin v27.5 - https:\/\/yoast.com\/product\/yoast-seo-wordpress\/ -->\n<title>Schankanlagen-Reinigung: F\u00fcr beste Qualit\u00e4t<\/title>\n<meta name=\"description\" content=\"Regelm\u00e4\u00dfige Schankanlagen-Reinigung f\u00fcr optimale Getr\u00e4nkequalit\u00e4t und Sicherheit. Sch\u00fctzen Sie Ihre G\u00e4ste und gew\u00e4hrleisten Sie Hygiene.\" \/>\n<meta name=\"robots\" content=\"index, follow, max-snippet:-1, max-image-preview:large, max-video-preview:-1\" \/>\n<link rel=\"canonical\" href=\"https:\/\/schankservice-morbach.de\/index.php\/schankanlagen-reinigung-bestes-qualitaet\/\" \/>\n<meta property=\"og:locale\" content=\"de_DE\" \/>\n<meta property=\"og:type\" content=\"article\" \/>\n<meta property=\"og:title\" content=\"Schankanlagen-Reinigung: F\u00fcr beste Qualit\u00e4t\" \/>\n<meta property=\"og:description\" content=\"Regelm\u00e4\u00dfige Schankanlagen-Reinigung f\u00fcr optimale Getr\u00e4nkequalit\u00e4t und Sicherheit. Sch\u00fctzen Sie Ihre G\u00e4ste und gew\u00e4hrleisten Sie Hygiene.\" \/>\n<meta property=\"og:url\" content=\"https:\/\/schankservice-morbach.de\/index.php\/schankanlagen-reinigung-bestes-qualitaet\/\" \/>\n<meta property=\"og:site_name\" content=\"Schankservice Morbach\" \/>\n<meta property=\"article:publisher\" content=\"https:\/\/www.facebook.com\/Schankanlagenservice.Andreas.Morbach\/\" \/>\n<meta property=\"article:modified_time\" content=\"2024-12-11T11:24:35+00:00\" \/>\n<meta property=\"og:image\" content=\"https:\/\/schankservice-morbach.de\/wp-content\/uploads\/2024\/11\/cropped-Logo_4c-2.png\" \/>\n\t<meta property=\"og:image:width\" content=\"512\" \/>\n\t<meta property=\"og:image:height\" content=\"512\" \/>\n\t<meta property=\"og:image:type\" content=\"image\/png\" \/>\n<meta name=\"twitter:card\" content=\"summary_large_image\" \/>\n<meta name=\"twitter:label1\" content=\"Gesch\u00e4tzte Lesezeit\" \/>\n\t<meta name=\"twitter:data1\" content=\"2\u00a0Minuten\" \/>\n<script type=\"application\/ld+json\" class=\"yoast-schema-graph\">{\"@context\":\"https:\\\/\\\/schema.org\",\"@graph\":[{\"@type\":\"WebPage\",\"@id\":\"https:\\\/\\\/schankservice-morbach.de\\\/index.php\\\/schankanlagen-reinigung-bestes-qualitaet\\\/\",\"url\":\"https:\\\/\\\/schankservice-morbach.de\\\/index.php\\\/schankanlagen-reinigung-bestes-qualitaet\\\/\",\"name\":\"Schankanlagen-Reinigung: F\u00fcr beste Qualit\u00e4t\",\"isPartOf\":{\"@id\":\"https:\\\/\\\/schankservice-morbach.de\\\/#website\"},\"primaryImageOfPage\":{\"@id\":\"https:\\\/\\\/schankservice-morbach.de\\\/index.php\\\/schankanlagen-reinigung-bestes-qualitaet\\\/#primaryimage\"},\"image\":{\"@id\":\"https:\\\/\\\/schankservice-morbach.de\\\/index.php\\\/schankanlagen-reinigung-bestes-qualitaet\\\/#primaryimage\"},\"thumbnailUrl\":\"https:\\\/\\\/schankservice-morbach.de\\\/wp-content\\\/uploads\\\/2024\\\/11\\\/cropped-Logo_4c-2.png\",\"datePublished\":\"2024-11-01T10:02:15+00:00\",\"dateModified\":\"2024-12-11T11:24:35+00:00\",\"description\":\"Regelm\u00e4\u00dfige Schankanlagen-Reinigung f\u00fcr optimale Getr\u00e4nkequalit\u00e4t und Sicherheit. Sch\u00fctzen Sie Ihre G\u00e4ste und gew\u00e4hrleisten Sie Hygiene.\",\"breadcrumb\":{\"@id\":\"https:\\\/\\\/schankservice-morbach.de\\\/index.php\\\/schankanlagen-reinigung-bestes-qualitaet\\\/#breadcrumb\"},\"inLanguage\":\"de\",\"potentialAction\":[{\"@type\":\"ReadAction\",\"target\":[\"https:\\\/\\\/schankservice-morbach.de\\\/index.php\\\/schankanlagen-reinigung-bestes-qualitaet\\\/\"]}]},{\"@type\":\"ImageObject\",\"inLanguage\":\"de\",\"@id\":\"https:\\\/\\\/schankservice-morbach.de\\\/index.php\\\/schankanlagen-reinigung-bestes-qualitaet\\\/#primaryimage\",\"url\":\"https:\\\/\\\/schankservice-morbach.de\\\/wp-content\\\/uploads\\\/2024\\\/11\\\/cropped-Logo_4c-2.png\",\"contentUrl\":\"https:\\\/\\\/schankservice-morbach.de\\\/wp-content\\\/uploads\\\/2024\\\/11\\\/cropped-Logo_4c-2.png\",\"width\":512,\"height\":512,\"caption\":\"Schankanlagenservice Norden\"},{\"@type\":\"BreadcrumbList\",\"@id\":\"https:\\\/\\\/schankservice-morbach.de\\\/index.php\\\/schankanlagen-reinigung-bestes-qualitaet\\\/#breadcrumb\",\"itemListElement\":[{\"@type\":\"ListItem\",\"position\":1,\"name\":\"Startseite\",\"item\":\"https:\\\/\\\/schankservice-morbach.de\\\/\"},{\"@type\":\"ListItem\",\"position\":2,\"name\":\"Informationen zur Reinigung\"}]},{\"@type\":\"WebSite\",\"@id\":\"https:\\\/\\\/schankservice-morbach.de\\\/#website\",\"url\":\"https:\\\/\\\/schankservice-morbach.de\\\/\",\"name\":\"Schankanlagenservice Morbach\",\"description\":\"Mit uns zum ungetr\u00fcbten Genuss!\",\"publisher\":{\"@id\":\"https:\\\/\\\/schankservice-morbach.de\\\/#organization\"},\"alternateName\":\"Schankservice Morbach\",\"potentialAction\":[{\"@type\":\"SearchAction\",\"target\":{\"@type\":\"EntryPoint\",\"urlTemplate\":\"https:\\\/\\\/schankservice-morbach.de\\\/?s={search_term_string}\"},\"query-input\":{\"@type\":\"PropertyValueSpecification\",\"valueRequired\":true,\"valueName\":\"search_term_string\"}}],\"inLanguage\":\"de\"},{\"@type\":\"Organization\",\"@id\":\"https:\\\/\\\/schankservice-morbach.de\\\/#organization\",\"name\":\"Schankanalgenservice Morbach\",\"alternateName\":\"Schankservice Morbach\",\"url\":\"https:\\\/\\\/schankservice-morbach.de\\\/\",\"logo\":{\"@type\":\"ImageObject\",\"inLanguage\":\"de\",\"@id\":\"https:\\\/\\\/schankservice-morbach.de\\\/#\\\/schema\\\/logo\\\/image\\\/\",\"url\":\"https:\\\/\\\/schankservice-morbach.de\\\/wp-content\\\/uploads\\\/2024\\\/11\\\/Logo_4c-1.png\",\"contentUrl\":\"https:\\\/\\\/schankservice-morbach.de\\\/wp-content\\\/uploads\\\/2024\\\/11\\\/Logo_4c-1.png\",\"width\":700,\"height\":220,\"caption\":\"Schankanalgenservice Morbach\"},\"image\":{\"@id\":\"https:\\\/\\\/schankservice-morbach.de\\\/#\\\/schema\\\/logo\\\/image\\\/\"},\"sameAs\":[\"https:\\\/\\\/www.facebook.com\\\/Schankanlagenservice.Andreas.Morbach\\\/\"]}]}<\/script>\n<!-- \/ Yoast SEO plugin. -->","yoast_head_json":{"title":"Schankanlagen-Reinigung: F\u00fcr beste Qualit\u00e4t","description":"Regelm\u00e4\u00dfige Schankanlagen-Reinigung f\u00fcr optimale Getr\u00e4nkequalit\u00e4t und Sicherheit. Sch\u00fctzen Sie Ihre G\u00e4ste und gew\u00e4hrleisten Sie Hygiene.","robots":{"index":"index","follow":"follow","max-snippet":"max-snippet:-1","max-image-preview":"max-image-preview:large","max-video-preview":"max-video-preview:-1"},"canonical":"https:\/\/schankservice-morbach.de\/index.php\/schankanlagen-reinigung-bestes-qualitaet\/","og_locale":"de_DE","og_type":"article","og_title":"Schankanlagen-Reinigung: F\u00fcr beste Qualit\u00e4t","og_description":"Regelm\u00e4\u00dfige Schankanlagen-Reinigung f\u00fcr optimale Getr\u00e4nkequalit\u00e4t und Sicherheit. Sch\u00fctzen Sie Ihre G\u00e4ste und gew\u00e4hrleisten Sie Hygiene.","og_url":"https:\/\/schankservice-morbach.de\/index.php\/schankanlagen-reinigung-bestes-qualitaet\/","og_site_name":"Schankservice Morbach","article_publisher":"https:\/\/www.facebook.com\/Schankanlagenservice.Andreas.Morbach\/","article_modified_time":"2024-12-11T11:24:35+00:00","og_image":[{"width":512,"height":512,"url":"https:\/\/schankservice-morbach.de\/wp-content\/uploads\/2024\/11\/cropped-Logo_4c-2.png","type":"image\/png"}],"twitter_card":"summary_large_image","twitter_misc":{"Gesch\u00e4tzte Lesezeit":"2\u00a0Minuten"},"schema":{"@context":"https:\/\/schema.org","@graph":[{"@type":"WebPage","@id":"https:\/\/schankservice-morbach.de\/index.php\/schankanlagen-reinigung-bestes-qualitaet\/","url":"https:\/\/schankservice-morbach.de\/index.php\/schankanlagen-reinigung-bestes-qualitaet\/","name":"Schankanlagen-Reinigung: F\u00fcr beste Qualit\u00e4t","isPartOf":{"@id":"https:\/\/schankservice-morbach.de\/#website"},"primaryImageOfPage":{"@id":"https:\/\/schankservice-morbach.de\/index.php\/schankanlagen-reinigung-bestes-qualitaet\/#primaryimage"},"image":{"@id":"https:\/\/schankservice-morbach.de\/index.php\/schankanlagen-reinigung-bestes-qualitaet\/#primaryimage"},"thumbnailUrl":"https:\/\/schankservice-morbach.de\/wp-content\/uploads\/2024\/11\/cropped-Logo_4c-2.png","datePublished":"2024-11-01T10:02:15+00:00","dateModified":"2024-12-11T11:24:35+00:00","description":"Regelm\u00e4\u00dfige Schankanlagen-Reinigung f\u00fcr optimale Getr\u00e4nkequalit\u00e4t und Sicherheit. Sch\u00fctzen Sie Ihre G\u00e4ste und gew\u00e4hrleisten Sie Hygiene.","breadcrumb":{"@id":"https:\/\/schankservice-morbach.de\/index.php\/schankanlagen-reinigung-bestes-qualitaet\/#breadcrumb"},"inLanguage":"de","potentialAction":[{"@type":"ReadAction","target":["https:\/\/schankservice-morbach.de\/index.php\/schankanlagen-reinigung-bestes-qualitaet\/"]}]},{"@type":"ImageObject","inLanguage":"de","@id":"https:\/\/schankservice-morbach.de\/index.php\/schankanlagen-reinigung-bestes-qualitaet\/#primaryimage","url":"https:\/\/schankservice-morbach.de\/wp-content\/uploads\/2024\/11\/cropped-Logo_4c-2.png","contentUrl":"https:\/\/schankservice-morbach.de\/wp-content\/uploads\/2024\/11\/cropped-Logo_4c-2.png","width":512,"height":512,"caption":"Schankanlagenservice Norden"},{"@type":"BreadcrumbList","@id":"https:\/\/schankservice-morbach.de\/index.php\/schankanlagen-reinigung-bestes-qualitaet\/#breadcrumb","itemListElement":[{"@type":"ListItem","position":1,"name":"Startseite","item":"https:\/\/schankservice-morbach.de\/"},{"@type":"ListItem","position":2,"name":"Informationen zur Reinigung"}]},{"@type":"WebSite","@id":"https:\/\/schankservice-morbach.de\/#website","url":"https:\/\/schankservice-morbach.de\/","name":"Schankanlagenservice Morbach","description":"Mit uns zum ungetr\u00fcbten Genuss!","publisher":{"@id":"https:\/\/schankservice-morbach.de\/#organization"},"alternateName":"Schankservice Morbach","potentialAction":[{"@type":"SearchAction","target":{"@type":"EntryPoint","urlTemplate":"https:\/\/schankservice-morbach.de\/?s={search_term_string}"},"query-input":{"@type":"PropertyValueSpecification","valueRequired":true,"valueName":"search_term_string"}}],"inLanguage":"de"},{"@type":"Organization","@id":"https:\/\/schankservice-morbach.de\/#organization","name":"Schankanalgenservice Morbach","alternateName":"Schankservice Morbach","url":"https:\/\/schankservice-morbach.de\/","logo":{"@type":"ImageObject","inLanguage":"de","@id":"https:\/\/schankservice-morbach.de\/#\/schema\/logo\/image\/","url":"https:\/\/schankservice-morbach.de\/wp-content\/uploads\/2024\/11\/Logo_4c-1.png","contentUrl":"https:\/\/schankservice-morbach.de\/wp-content\/uploads\/2024\/11\/Logo_4c-1.png","width":700,"height":220,"caption":"Schankanalgenservice Morbach"},"image":{"@id":"https:\/\/schankservice-morbach.de\/#\/schema\/logo\/image\/"},"sameAs":["https:\/\/www.facebook.com\/Schankanlagenservice.Andreas.Morbach\/"]}]}},"_links":{"self":[{"href":"https:\/\/schankservice-morbach.de\/index.php\/wp-json\/wp\/v2\/pages\/702","targetHints":{"allow":["GET"]}}],"collection":[{"href":"https:\/\/schankservice-morbach.de\/index.php\/wp-json\/wp\/v2\/pages"}],"about":[{"href":"https:\/\/schankservice-morbach.de\/index.php\/wp-json\/wp\/v2\/types\/page"}],"author":[{"embeddable":true,"href":"https:\/\/schankservice-morbach.de\/index.php\/wp-json\/wp\/v2\/users\/1"}],"replies":[{"embeddable":true,"href":"https:\/\/schankservice-morbach.de\/index.php\/wp-json\/wp\/v2\/comments?post=702"}],"version-history":[{"count":34,"href":"https:\/\/schankservice-morbach.de\/index.php\/wp-json\/wp\/v2\/pages\/702\/revisions"}],"predecessor-version":[{"id":1067,"href":"https:\/\/schankservice-morbach.de\/index.php\/wp-json\/wp\/v2\/pages\/702\/revisions\/1067"}],"wp:featuredmedia":[{"embeddable":true,"href":"https:\/\/schankservice-morbach.de\/index.php\/wp-json\/wp\/v2\/media\/1091"}],"wp:attachment":[{"href":"https:\/\/schankservice-morbach.de\/index.php\/wp-json\/wp\/v2\/media?parent=702"}],"curies":[{"name":"wp","href":"https:\/\/api.w.org\/{rel}","templated":true}]}}